{"id":3009,"date":"2020-10-29T08:02:07","date_gmt":"2020-10-29T07:02:07","guid":{"rendered":"https:\/\/www.toyotacz.com\/o-nas\/toyota-ceska-republika\/"},"modified":"2021-01-28T05:26:31","modified_gmt":"2021-01-28T04:26:31","slug":"toyota-czech-republic","status":"publish","type":"page","link":"https:\/\/www.toyotacz.com\/en\/about-us\/toyota-czech-republic\/","title":{"rendered":"Toyota Czech Republic"},"content":{"rendered":"<h1>TOYOTA CZECH REPUBLIC<\/h1>\n<h3><strong>TOYOTA CENTRAL EUROPE<\/strong><\/h3>\n<h3><strong>TOYOTA LOGISTIC \u010cESK\u00c1 REPUBLIKA<\/strong><\/h3>\n<h3><strong>TOYOTA MOTOR MANUFACTURING CZECH REPUBLIC, S.R.O.<\/strong><\/h3>\n<h3><strong>TOYOTA CENTRAL EUROPE<\/strong><\/h3>\n<p><a href=\"https:\/\/www.toyota.cz\" target=\"_blank\" rel=\"noopener noreferrer\"><br \/>\n<img loading=\"lazy\" decoding=\"async\" src=\"https:\/\/www.toyotacz.com\/wp-content\/uploads\/2020\/12\/01.jpg\" sizes=\"auto, (max-width: 470px) 100vw, 470px\" srcset=\"https:\/\/www.toyotacz.com\/wp-content\/uploads\/2020\/12\/01.jpg 470w, https:\/\/www.toyotacz.com\/wp-content\/uploads\/2020\/12\/01-300x163.jpg 300w, https:\/\/www.toyotacz.com\/wp-content\/uploads\/2020\/12\/01-100x54.jpg 100w, https:\/\/www.toyotacz.com\/wp-content\/uploads\/2020\/12\/01-200x109.jpg 200w, https:\/\/www.toyotacz.com\/wp-content\/uploads\/2020\/12\/01-400x218.jpg 400w\" alt=\"\" width=\"470\" height=\"256\" \/> <\/a><\/p>\n<p><strong>Toyota Central Europe &#8211; Czech s&nbsp;r.o.<\/strong><br \/>\nBavorsk\u00e1 2662\/1<br \/>\nPraha 5 &#8211; Stod\u016flky, 150 00<br \/>\nI\u010cO: 601 98 435<br \/>\nDI\u010c: CZ601 98 435<br \/>\n<a href=\"https:\/\/www.toyota.cz\/\" target=\"_blank\" rel=\"noopener noreferrer\">www.toyota.cz<\/a><\/p>\n<h3><strong>TOYOTA LOGISTIC \u010cESK\u00c1 REPUBLIKA<\/strong><\/h3>\n<p><img loading=\"lazy\" decoding=\"async\" src=\"https:\/\/www.toyotacz.com\/wp-content\/uploads\/2020\/10\/800px-Toyota_Logistics_Krupka-copy.jpg\" sizes=\"auto, (max-width: 470px) 100vw, 470px\" srcset=\"https:\/\/www.toyotacz.com\/wp-content\/uploads\/2020\/10\/800px-Toyota_Logistics_Krupka-copy.jpg 470w, https:\/\/www.toyotacz.com\/wp-content\/uploads\/2020\/10\/800px-Toyota_Logistics_Krupka-copy-300x163.jpg 300w, https:\/\/www.toyotacz.com\/wp-content\/uploads\/2020\/10\/800px-Toyota_Logistics_Krupka-copy-100x54.jpg 100w, https:\/\/www.toyotacz.com\/wp-content\/uploads\/2020\/10\/800px-Toyota_Logistics_Krupka-copy-200x109.jpg 200w, https:\/\/www.toyotacz.com\/wp-content\/uploads\/2020\/10\/800px-Toyota_Logistics_Krupka-copy-400x218.jpg 400w\" alt=\"\" width=\"470\" height=\"256\" \/><\/p>\n<p><strong>Toyota Logistics Services Czech s.r.o.<\/strong><br \/>\nPr\u016fmyslov\u00e1 92<br \/>\nNov\u00e9 Modlany, 417 42 Krupka<br \/>\nI\u010cO: 271 97 841<br \/>\nDI\u010c: CZ271 97 841<\/p>\n<h3><strong>TOYOTA MOTOR MANUFACTURING CZECH REPUBLIC, S.R.O.<\/strong><\/h3>\n<p><a href=\"\/o-nas\/toyota-kolin\/\"><br \/>\n<img loading=\"lazy\" decoding=\"async\" src=\"https:\/\/www.toyotacz.com\/wp-content\/uploads\/2020\/10\/toyota-motor-manufacturing-czech.jpg\" sizes=\"auto, (max-width: 470px) 100vw, 470px\" srcset=\"https:\/\/www.toyotacz.com\/wp-content\/uploads\/2020\/10\/toyota-motor-manufacturing-czech.jpg 470w, https:\/\/www.toyotacz.com\/wp-content\/uploads\/2020\/10\/toyota-motor-manufacturing-czech-300x163.jpg 300w, https:\/\/www.toyotacz.com\/wp-content\/uploads\/2020\/10\/toyota-motor-manufacturing-czech-100x54.jpg 100w, https:\/\/www.toyotacz.com\/wp-content\/uploads\/2020\/10\/toyota-motor-manufacturing-czech-200x109.jpg 200w, https:\/\/www.toyotacz.com\/wp-content\/uploads\/2020\/10\/toyota-motor-manufacturing-czech-400x218.jpg 400w\" alt=\"\" width=\"470\" height=\"256\" \/> <\/a><\/p>\n<p><b>Toyota Motor Manufacturing Czech Republic, s.r.o.<br \/>\n<\/b>Pr\u016fmyslov\u00e1 z\u00f3na Ov\u010d\u00e1ry<br \/>\n280 02 Kol\u00edn<br \/>\nI\u010cO:\u00a0265 13 528<br \/>\nDI\u010c: CZ265 13 528<br \/>\n<a href=\"https:\/\/www.toyotacz.com\/\" target=\"_blank\" rel=\"noopener noreferrer\">www.toyotacz.com<\/a><\/p>\n    <div class=\"comp_mapall\">\n        <iframe src=\"\/mapall-en.html?v=1\" frameborder=\"0\" scrolling=\"no\" onload=\"resizeIframe(this)\" style=\"width:100%;\"><\/iframe>\n    <\/div>\n    \n","protected":false},"excerpt":{"rendered":"<p>TOYOTA CZECH REPUBLIC TOYOTA CENTRAL EUROPE TOYOTA LOGISTIC \u010cESK\u00c1 REPUBLIKA TOYOTA MOTOR MANUFACTURING CZECH REPUBLIC, S.R.O. TOYOTA CENTRAL EUROPE Toyota Central Europe &#8211; Czech s&nbsp;r.o. Bavorsk\u00e1 2662\/1 Praha 5 &#8211; Stod\u016flky, 150 00 I\u010cO: 601 98 435 DI\u010c: CZ601 98 435 www.toyota.cz TOYOTA LOGISTIC \u010cESK\u00c1 REPUBLIKA Toyota Logistics Services Czech s.r.o. Pr\u016fmyslov\u00e1 92 Nov\u00e9 Modlany, [&hellip;]<\/p>\n","protected":false},"author":1,"featured_media":0,"parent":3003,"menu_order":20,"comment_status":"closed","ping_status":"closed","template":"templates\/template-about_us-toyota_cr.php","meta":{"_acf_changed":false,"footnotes":""},"class_list":["post-3009","page","type-page","status-publish","hentry"],"acf":[],"_links":{"self":[{"href":"https:\/\/www.toyotacz.com\/en\/wp-json\/wp\/v2\/pages\/3009","targetHints":{"allow":["GET"]}}],"collection":[{"href":"https:\/\/www.toyotacz.com\/en\/wp-json\/wp\/v2\/pages"}],"about":[{"href":"https:\/\/www.toyotacz.com\/en\/wp-json\/wp\/v2\/types\/page"}],"author":[{"embeddable":true,"href":"https:\/\/www.toyotacz.com\/en\/wp-json\/wp\/v2\/users\/1"}],"replies":[{"embeddable":true,"href":"https:\/\/www.toyotacz.com\/en\/wp-json\/wp\/v2\/comments?post=3009"}],"version-history":[{"count":9,"href":"https:\/\/www.toyotacz.com\/en\/wp-json\/wp\/v2\/pages\/3009\/revisions"}],"predecessor-version":[{"id":3240,"href":"https:\/\/www.toyotacz.com\/en\/wp-json\/wp\/v2\/pages\/3009\/revisions\/3240"}],"up":[{"embeddable":true,"href":"https:\/\/www.toyotacz.com\/en\/wp-json\/wp\/v2\/pages\/3003"}],"wp:attachment":[{"href":"https:\/\/www.toyotacz.com\/en\/wp-json\/wp\/v2\/media?parent=3009"}],"curies":[{"name":"wp","href":"https:\/\/api.w.org\/{rel}","templated":true}]}}